{"id":377,"date":"2018-11-12T20:03:23","date_gmt":"2018-11-12T20:03:23","guid":{"rendered":"http:\/\/www.apisdurii.com\/?page_id=377"},"modified":"2025-11-04T13:08:21","modified_gmt":"2025-11-04T13:08:21","slug":"marca-de-calidad-miel-de-zamora","status":"publish","type":"page","link":"https:\/\/www.apisdurii.com\/index.php\/marca-de-calidad-miel-de-zamora\/","title":{"rendered":"Marca de calidad \u00abMiel de Zamora\u00bb"},"content":{"rendered":"<p>[vc_row type=\u00bbvc_default\u00bb margin_top=\u00bb0&#8243; css=\u00bb.vc_custom_1481815109265{margin-bottom: 70px !important;padding-top: 80px !important;}\u00bb][vc_column width=\u00bb5\/12&#8243; css=\u00bb.vc_custom_1481810601669{padding-bottom: 40px !important;}\u00bb offset=\u00bbvc_col-lg-4 vc_col-md-4&#8243;][vc_single_image image=\u00bb374&#8243; img_size=\u00bb300&#215;300&#8243; alignment=\u00bbcenter\u00bb style=\u00bbvc_box_circle\u00bb image_hovers=\u00bbfalse\u00bb lazy_loading=\u00bbtrue\u00bb css=\u00bb.vc_custom_1542052975980{padding-bottom: 30px !important;}\u00bb][\/vc_column][vc_column width=\u00bb7\/12&#8243; offset=\u00bbvc_col-lg-8 vc_col-md-8&#8243;]<div id=\"ultimate-heading-206469fc880d52054\" class=\"uvc-heading ult-adjust-bottom-margin ultimate-heading-206469fc880d52054 uvc-4300 color-title accent-border-color\" data-hspacer=\"line_only\"  data-halign=\"left\" style=\"text-align:left\"><div class=\"uvc-main-heading ult-responsive\"  data-ultimate-target='.uvc-heading.ultimate-heading-206469fc880d52054 h2'  data-responsive-json-new='{\"font-size\":\"desktop:34px;\",\"line-height\":\"desktop:44px;\"}' ><h2 style=\"font-weight:bold;margin-bottom:15px;\">Marca de Calidad ``Miel de Zamora``<\/h2><\/div><div class=\"uvc-heading-spacer line_only\" style=\"margin-bottom:35px;height:3px;\"><span class=\"uvc-headings-line\" style=\"border-style:solid;border-bottom-width:3px;border-color:#ccc;width:200px;\"><\/span><\/div><div class=\"uvc-sub-heading ult-responsive\"  data-ultimate-target='.uvc-heading.ultimate-heading-206469fc880d52054 .uvc-sub-heading '  data-responsive-json-new='{\"font-size\":\"desktop:20px;\",\"line-height\":\"desktop:32px;\"}'  style=\"font-weight:normal;margin-bottom:25px;\">Porque somos conocedores de nuestro sector y creemos en la calidad de nuestro productos estamos convencidos de que una Marca de Calidad es necesaria para defender el valor de nuestra miel en el mercado actual.<\/div><\/div>[vc_column_text css=\u00bb.vc_custom_1762261699780{padding-bottom: 50px !important;}\u00bb]Desde la asociaci\u00f3n estamos totalmente comprometidos con la misi\u00f3n de crear una marca de calidad para las mieles de la provincia. Creemos en nuestro producto y en la calidad que tienen las mieles producidas en esta tierra.<\/p>\n<p>Participamos en la creaci\u00f3n de esta marca defendiendo los intereses de nuestros asociados.<\/p>\n<p>Para que nadie se quede fuera de la marca y podamos contemplar bien todos los tipos de miel que se producen en la provincia creemos muy importante nuestra participaci\u00f3n en todo el proceso.<\/p>\n<p>A medida que avance el proceso los socios podr\u00e1n estar al tanto de las \u00faltimas novedades y de cada uno de los pasos que se dan este proceso.<\/p>\n<p>Creemos que la marca de garant\u00eda es la mejor manera de defender la calidad tanto en el proceso de recogida, como en el tratamiento de las mieles, p\u00f3lenes y prop\u00f3leos que se recogen en la provincia. Creando un sello que sea garante de calidad y de pureza en nuestros productos.[\/vc_column_text]<div id=\"ultimate-heading-186969fc880d52074\" class=\"uvc-heading ult-adjust-bottom-margin ultimate-heading-186969fc880d52074 uvc-9847 color-title accent-border-color\" data-hspacer=\"no_spacer\"  data-halign=\"left\" style=\"text-align:left\"><div class=\"uvc-heading-spacer no_spacer\" style=\"top\"><\/div><div class=\"uvc-main-heading ult-responsive\"  data-ultimate-target='.uvc-heading.ultimate-heading-186969fc880d52074 h2'  data-responsive-json-new='{\"font-size\":\"desktop:22px;\",\"line-height\":\"desktop:32px;\"}' ><h2 style=\"font-weight:bold;margin-bottom:20px;\">Principales benef\u00edcios<\/h2><\/div><\/div><div class=\"standard-number-list bullet-top\"><ul>\n<li>Referencia de calidad para el producto.<\/li>\n<li>Referencia de calidad frente al consumidor.<\/li>\n<li>Garant\u00eda de tratamiento higi\u00e9nico del producto.<\/li>\n<li>Garant\u00eda de clasificaci\u00f3n del tipo floral.<\/li>\n<li>Garant\u00eda de calidad en general del producto final.<\/li>\n<\/ul>\n<\/div>[vc_empty_space height=\u00bb45px\u00bb]<a href=\"https:\/\/www.apisdurii.com\/#!\/contacto\" class=\"btn-shortcode dt-btn-l dt-btn default-btn-color default-btn-hover-color default-btn-bg-color default-btn-bg-hover-color ico-right-side anchor-link anchor-link\" id=\"dt-btn-1\"><span>Si quieres saber m\u00e1s<\/span><i class=\"fa fa-comments\"><\/i><\/a>[\/vc_column][\/vc_row]<\/p>\n","protected":false},"excerpt":{"rendered":"<p>[vc_row type=\u00bbvc_default\u00bb margin_top=\u00bb0&#8243; css=\u00bb.vc_custom_1481815109265{margin-bottom: 70px !important;padding-top: 80px !important;}\u00bb][vc_column width=\u00bb5\/12&#8243; css=\u00bb.vc_custom_1481810601669{padding-bottom: 40px !important;}\u00bb offset=\u00bbvc_col-lg-4 vc_col-md-4&#8243;][vc_single_image image=\u00bb374&#8243; img_size=\u00bb300&#215;300&#8243; alignment=\u00bbcenter\u00bb style=\u00bbvc_box_circle\u00bb image_hovers=\u00bbfalse\u00bb lazy_loading=\u00bbtrue\u00bb css=\u00bb.vc_custom_1542052975980{padding-bottom: 30px !important;}\u00bb][\/vc_column][vc_column width=\u00bb7\/12&#8243; offset=\u00bbvc_col-lg-8 vc_col-md-8&#8243;][vc_column_text css=\u00bb.vc_custom_1762261699780{padding-bottom: 50px !important;}\u00bb]Desde la asociaci\u00f3n estamos totalmente comprometidos con la misi\u00f3n de crear una marca de calidad para las mieles de la provincia. Creemos en nuestro producto y en&hellip;<\/p>\n","protected":false},"author":1,"featured_media":0,"parent":0,"menu_order":0,"comment_status":"closed","ping_status":"closed","template":"","meta":[],"_links":{"self":[{"href":"https:\/\/www.apisdurii.com\/index.php\/wp-json\/wp\/v2\/pages\/377"}],"collection":[{"href":"https:\/\/www.apisdurii.com\/index.php\/wp-json\/wp\/v2\/pages"}],"about":[{"href":"https:\/\/www.apisdurii.com\/index.php\/wp-json\/wp\/v2\/types\/page"}],"author":[{"embeddable":true,"href":"https:\/\/www.apisdurii.com\/index.php\/wp-json\/wp\/v2\/users\/1"}],"replies":[{"embeddable":true,"href":"https:\/\/www.apisdurii.com\/index.php\/wp-json\/wp\/v2\/comments?post=377"}],"version-history":[{"count":6,"href":"https:\/\/www.apisdurii.com\/index.php\/wp-json\/wp\/v2\/pages\/377\/revisions"}],"predecessor-version":[{"id":517,"href":"https:\/\/www.apisdurii.com\/index.php\/wp-json\/wp\/v2\/pages\/377\/revisions\/517"}],"wp:attachment":[{"href":"https:\/\/www.apisdurii.com\/index.php\/wp-json\/wp\/v2\/media?parent=377"}],"curies":[{"name":"wp","href":"https:\/\/api.w.org\/{rel}","templated":true}]}}